{"id":32,"date":"2018-07-13T16:12:11","date_gmt":"2018-07-13T16:12:11","guid":{"rendered":"https:\/\/it-server-solution.de\/?page_id=32"},"modified":"2022-10-21T08:50:04","modified_gmt":"2022-10-21T08:50:04","slug":"impressum","status":"publish","type":"page","link":"https:\/\/it-server-solution.de\/?page_id=32","title":{"rendered":"Impressum"},"content":{"rendered":"<p><strong>Name und Anschrift:<\/strong><\/p>\n<p>IT-Server-Solution, Kreuzstrasse 30a, 66851 Queidersbach<\/p>\n<p><strong>Telefon:<\/strong> 06371-9548787<\/p>\n<p><strong>E-Mail:<\/strong> <a href=\"mailto:Info@IT-Server-Solution.de\">Info(at)IT-Server-Solution.de<\/a><\/p>\n<p><strong>Gesch\u00e4ftsf\u00fchrer:<\/strong> Holger Rether<\/p>\n<p><strong>Umsatzsteuer-Identifikationsnummer:<\/strong> DE292449409<\/p>\n<p>Inhaltlich verantwortlich: Holger Rether<\/p>\n<p>Gerichtsstand: Amtsgericht Kaiserslautern<\/p>\n<p><strong>Haftungshinweis:<\/strong><\/p>\n<p>Trotz sorgf\u00e4ltiger inhaltlicher Kontrolle \u00fcbernehmen wir keine Haftung f\u00fcr die Inhalte externer Links.<br \/>\nF\u00fcr den Inhalt der verlinkten Seiten sind ausschlie\u00dflich deren Betreiber verantwortlich.<\/p>\n","protected":false},"excerpt":{"rendered":"<p>Name und Anschrift: IT-Server-Solution, Kreuzstrasse 30a, 66851 Queidersbach Telefon: 06371-9548787 E-Mail: Info(at)IT-Server-Solution.de Gesch\u00e4ftsf\u00fchrer: Holger Rether Umsatzsteuer-Identifikationsnummer: DE292449409 Inhaltlich verantwortlich: Holger Rether Gerichtsstand: Amtsgericht Kaiserslautern Haftungshinweis: Trotz sorgf\u00e4ltiger inhaltlicher Kontrolle \u00fcbernehmen wir keine Haftung f\u00fcr die Inhalte externer Links. F\u00fcr den Inhalt der verlinkten Seiten sind ausschlie\u00dflich deren Betreiber verantwortlich.<\/p>\n","protected":false},"author":1,"featured_media":0,"parent":0,"menu_order":0,"comment_status":"closed","ping_status":"closed","template":"","meta":{"footnotes":""},"aioseo_notices":[],"acf":[],"_links":{"self":[{"href":"https:\/\/it-server-solution.de\/index.php?rest_route=\/wp\/v2\/pages\/32"}],"collection":[{"href":"https:\/\/it-server-solution.de\/index.php?rest_route=\/wp\/v2\/pages"}],"about":[{"href":"https:\/\/it-server-solution.de\/index.php?rest_route=\/wp\/v2\/types\/page"}],"author":[{"embeddable":true,"href":"https:\/\/it-server-solution.de\/index.php?rest_route=\/wp\/v2\/users\/1"}],"replies":[{"embeddable":true,"href":"https:\/\/it-server-solution.de\/index.php?rest_route=%2Fwp%2Fv2%2Fcomments&post=32"}],"version-history":[{"count":13,"href":"https:\/\/it-server-solution.de\/index.php?rest_route=\/wp\/v2\/pages\/32\/revisions"}],"predecessor-version":[{"id":486,"href":"https:\/\/it-server-solution.de\/index.php?rest_route=\/wp\/v2\/pages\/32\/revisions\/486"}],"wp:attachment":[{"href":"https:\/\/it-server-solution.de\/index.php?rest_route=%2Fwp%2Fv2%2Fmedia&parent=32"}],"curies":[{"name":"wp","href":"https:\/\/api.w.org\/{rel}","templated":true}]}}